{"id":258,"date":"2018-01-02T12:17:40","date_gmt":"2018-01-02T16:17:40","guid":{"rendered":"http:\/\/ayuntamiento.o\/transparencia\/?page_id=258"},"modified":"2026-01-28T12:12:06","modified_gmt":"2026-01-28T16:12:06","slug":"responsable-de-acceso-a-la-informacion","status":"publish","type":"page","link":"https:\/\/ayuntamientoguaymate.gob.do\/transparencia\/responsable-de-acceso-a-la-informacion\/","title":{"rendered":"Responsable de Acceso a la Informaci\u00f3n"},"content":{"rendered":"<p class=\"paragraph ng-attr-widget\" style=\"text-align: center\"><span style=\"font-size: 18pt\"><strong>Licda. Ariangni Carolina Hern\u00e1ndez Charles.<\/strong><\/span><\/p>\n<p style=\"text-align: center\"><span style=\"color: #3366ff\"><strong><span style=\"font-size: 18pt\">Responsable de Libre Acceso a la Informaci\u00f3n (RAI)<\/span><\/strong><\/span><\/p>\n<p style=\"text-align: center\"><span style=\"font-size: 18pt\">Tel\u00e9fono: (849) 340-0766<\/span><\/p>\n<p style=\"text-align: center\">\u00a0 \u00a0Correo institucional de oficina: <strong>oaiayuntamientoguaymate@gmail.com<\/strong><\/p>\n<p style=\"text-align: center\">correo RAI:<strong> oaiayuntamientoguaymate@gmail.com<\/strong><\/p>\n<p style=\"text-align: center\">Direcci\u00f3n: Calle Teniente Amado Garc\u00eda Guerrero<\/p>\n<p style=\"text-align: center\">\n<p style=\"text-align: center\">\n","protected":false},"excerpt":{"rendered":"Licda. Ariangni Carolina Hern\u00e1ndez Charles. Responsable de Libre Acceso a la Informaci\u00f3n (RAI) Tel\u00e9fono: (849) 340-0766 \u00a0 \u00a0Correo institucional de oficina: oaiayuntamientoguaymate@gmail.com correo RAI: oaiayuntamientoguaymate@gmail.com Direcci\u00f3n: Calle Teniente Amado Garc\u00eda Guerrero","protected":false},"author":4,"featured_media":0,"parent":0,"menu_order":0,"comment_status":"closed","ping_status":"closed","template":"","meta":[],"acf":[],"_links":{"self":[{"href":"https:\/\/ayuntamientoguaymate.gob.do\/transparencia\/wp-json\/wp\/v2\/pages\/258"}],"collection":[{"href":"https:\/\/ayuntamientoguaymate.gob.do\/transparencia\/wp-json\/wp\/v2\/pages"}],"about":[{"href":"https:\/\/ayuntamientoguaymate.gob.do\/transparencia\/wp-json\/wp\/v2\/types\/page"}],"author":[{"embeddable":true,"href":"https:\/\/ayuntamientoguaymate.gob.do\/transparencia\/wp-json\/wp\/v2\/users\/4"}],"replies":[{"embeddable":true,"href":"https:\/\/ayuntamientoguaymate.gob.do\/transparencia\/wp-json\/wp\/v2\/comments?post=258"}],"version-history":[{"count":26,"href":"https:\/\/ayuntamientoguaymate.gob.do\/transparencia\/wp-json\/wp\/v2\/pages\/258\/revisions"}],"predecessor-version":[{"id":3158,"href":"https:\/\/ayuntamientoguaymate.gob.do\/transparencia\/wp-json\/wp\/v2\/pages\/258\/revisions\/3158"}],"wp:attachment":[{"href":"https:\/\/ayuntamientoguaymate.gob.do\/transparencia\/wp-json\/wp\/v2\/media?parent=258"}],"curies":[{"name":"wp","href":"https:\/\/api.w.org\/{rel}","templated":true}]}}